{"id":18,"date":"2025-06-26T13:37:27","date_gmt":"2025-06-26T11:37:27","guid":{"rendered":"https:\/\/cblmarketing.com\/?page_id=18"},"modified":"2025-06-26T16:31:21","modified_gmt":"2025-06-26T14:31:21","slug":"refund_returns","status":"publish","type":"page","link":"https:\/\/cblmarketing.com\/index.php\/refund_returns\/","title":{"rendered":"Mentions L\u00e9gales"},"content":{"rendered":"<div class=\"fusion-fullwidth fullwidth-box fusion-builder-row-1 fusion-flex-container nonhundred-percent-fullwidth non-hundred-percent-height-scrolling\" style=\"--awb-border-radius-top-left:0px;--awb-border-radius-top-right:0px;--awb-border-radius-bottom-right:0px;--awb-border-radius-bottom-left:0px;--awb-flex-wrap:wrap;\" ><div class=\"fusion-builder-row fusion-row fusion-flex-align-items-flex-start fusion-flex-content-wrap\" style=\"max-width:1248px;margin-left: calc(-4% \/ 2 );margin-right: calc(-4% \/ 2 );\"><div class=\"fusion-layout-column fusion_builder_column fusion-builder-column-0 fusion_builder_column_1_1 1_1 fusion-flex-column\" style=\"--awb-bg-blend:overlay;--awb-bg-size:cover;--awb-width-large:100%;--awb-margin-top-large:0px;--awb-spacing-right-large:1.92%;--awb-margin-bottom-large:0px;--awb-spacing-left-large:1.92%;--awb-width-medium:100%;--awb-spacing-right-medium:1.92%;--awb-spacing-left-medium:1.92%;--awb-width-small:100%;--awb-spacing-right-small:1.92%;--awb-spacing-left-small:1.92%;\"><div class=\"fusion-column-wrapper fusion-flex-justify-content-flex-start fusion-content-layout-column\"><div class=\"fusion-text fusion-text-1\"><p data-start=\"295\" data-end=\"344\"><strong data-start=\"295\" data-end=\"315\">Mentions l\u00e9gales<\/strong><br data-start=\"315\" data-end=\"318\">En vigueur au 24 juin 2025<\/p>\n<p data-start=\"346\" data-end=\"661\">Conform\u00e9ment aux dispositions de la loi n\u00b02004-575 du 21 juin 2004 pour la Confiance en l\u2019\u00e9conomie num\u00e9rique, il est port\u00e9 \u00e0 la connaissance des utilisateurs et visiteurs, ci-apr\u00e8s l\u2019\u00ab Utilisateur \u00bb, du site <a class=\"\" href=\"https:\/\/cblmarketing.com\" target=\"_new\" rel=\"noopener\" data-start=\"554\" data-end=\"606\">https:\/\/cblmarketing.com<\/a>, ci-apr\u00e8s le \u00ab Site \u00bb, les pr\u00e9sentes mentions l\u00e9gales.<\/p>\n<p data-start=\"663\" data-end=\"803\">La connexion et la navigation sur le Site par l\u2019Utilisateur implique l\u2019acceptation int\u00e9grale et sans r\u00e9serve des pr\u00e9sentes mentions l\u00e9gales.<\/p>\n<p data-start=\"805\" data-end=\"883\">Ces derni\u00e8res sont accessibles sur le Site \u00e0 la rubrique \u00ab Mentions l\u00e9gales \u00bb.<\/p>\n<hr data-start=\"885\" data-end=\"888\">\n<h3 data-start=\"890\" data-end=\"911\" data-fontsize=\"37\" style=\"--fontSize: 37; line-height: 1.2;\" data-lineheight=\"44.4px\" class=\"fusion-responsive-typography-calculated\">\u00c9dition du site<\/h3>\n<p data-start=\"912\" data-end=\"1207\">L\u2019\u00e9dition du Site est assur\u00e9e par la soci\u00e9t\u00e9 <strong data-start=\"957\" data-end=\"974\">CBL MARKETING<\/strong>, <strong data-start=\"976\" data-end=\"1032\">SASU (soci\u00e9t\u00e9 par actions simplifi\u00e9e unipersonnelle)<\/strong> au capital de <strong data-start=\"1047\" data-end=\"1061\">1 000,00 \u20ac<\/strong>, immatricul\u00e9e au <strong data-start=\"1079\" data-end=\"1095\">RCS de Paris<\/strong> sous le num\u00e9ro <strong data-start=\"1111\" data-end=\"1139\">910 566 686 R.C.S. Paris<\/strong>, dont le si\u00e8ge social est situ\u00e9 <strong data-start=\"1172\" data-end=\"1206\">10 rue du Colis\u00e9e, 75008 Paris<\/strong>.<\/p>\n<ul data-start=\"1209\" data-end=\"1459\">\n<li data-start=\"1209\" data-end=\"1236\">\n<p data-start=\"1211\" data-end=\"1236\"><strong data-start=\"1211\" data-end=\"1220\">SIREN<\/strong> : 910 566 686<\/p>\n<\/li>\n<li data-start=\"1237\" data-end=\"1278\">\n<p data-start=\"1239\" data-end=\"1278\"><strong data-start=\"1239\" data-end=\"1256\">SIRET (si\u00e8ge)<\/strong> : 910 566 686 00010<\/p>\n<\/li>\n<li data-start=\"1279\" data-end=\"1335\">\n<p data-start=\"1281\" data-end=\"1335\"><strong data-start=\"1281\" data-end=\"1317\">Num\u00e9ro de TVA intracommunautaire<\/strong> : FR38910566686<\/p>\n<\/li>\n<li data-start=\"1336\" data-end=\"1408\">\n<p data-start=\"1338\" data-end=\"1408\"><strong data-start=\"1338\" data-end=\"1360\">Inscription au RCS<\/strong> : INSCRIT (au greffe de PARIS, le 21\/02\/2022)<\/p>\n<\/li>\n<li data-start=\"1409\" data-end=\"1459\">\n<p data-start=\"1411\" data-end=\"1459\"><strong data-start=\"1411\" data-end=\"1433\">Inscription au RNE<\/strong> : INSCRIT (le 21\/02\/2022)<\/p>\n<\/li>\n<\/ul>\n<p data-start=\"1461\" data-end=\"1662\">Adresse e-mail : <a class=\"cursor-pointer\" rel=\"noopener\" data-start=\"1523\" data-end=\"1547\">contact@cblmarketing.com<\/a><br data-start=\"1547\" data-end=\"1550\">Directeur de la publication : <strong data-start=\"1580\" data-end=\"1597\">CBL MARKETING<\/strong>, repr\u00e9sent\u00e9e par son pr\u00e9sident<br data-start=\"1628\" data-end=\"1631\">ci-apr\u00e8s d\u00e9sign\u00e9 \u00ab l\u2019\u00c9diteur \u00bb.<\/p>\n<hr data-start=\"1664\" data-end=\"1667\">\n<h3 data-start=\"1669\" data-end=\"1684\" data-fontsize=\"37\" style=\"--fontSize: 37; line-height: 1.2;\" data-lineheight=\"44.4px\" class=\"fusion-responsive-typography-calculated\">H\u00e9bergeur<\/h3>\n<p data-start=\"1685\" data-end=\"1840\">L\u2019h\u00e9bergeur du Site est la soci\u00e9t\u00e9 <strong data-start=\"1720\" data-end=\"1733\">Hostinger<\/strong><br data-start=\"1733\" data-end=\"1736\">61 Lordou Vironos Street, 6023 Larnaca, Chypre<br data-start=\"1782\" data-end=\"1785\">Site web : <a class=\"\" href=\"https:\/\/www.hostinger.fr\" target=\"_new\" rel=\"noopener\" data-start=\"1796\" data-end=\"1840\">www.hostinger.fr<\/a><\/p>\n<hr data-start=\"1842\" data-end=\"1845\">\n<h3 data-start=\"1847\" data-end=\"1866\" data-fontsize=\"37\" style=\"--fontSize: 37; line-height: 1.2;\" data-lineheight=\"44.4px\" class=\"fusion-responsive-typography-calculated\">Acc\u00e8s au site<\/h3>\n<p data-start=\"1867\" data-end=\"2137\">Le Site est normalement accessible \u00e0 tout moment aux utilisateurs. Toutefois, l\u2019\u00c9diteur peut d\u00e9cider d\u2019une interruption pour raison de maintenance technique. L\u2019\u00c9diteur s\u2019efforcera alors de communiquer pr\u00e9alablement aux utilisateurs les dates et heures de l\u2019intervention.<\/p>\n<hr data-start=\"2139\" data-end=\"2142\">\n<h3 data-start=\"2144\" data-end=\"2169\" data-fontsize=\"37\" style=\"--fontSize: 37; line-height: 1.2;\" data-lineheight=\"44.4px\" class=\"fusion-responsive-typography-calculated\">Collecte de donn\u00e9es<\/h3>\n<p data-start=\"2170\" data-end=\"2505\">Le Site assure \u00e0 l\u2019Utilisateur une collecte et un traitement des informations personnelles dans le respect de la vie priv\u00e9e conform\u00e9ment \u00e0 la loi n\u00b078-17 du 6 janvier 1978 modifi\u00e9e, relative \u00e0 l\u2019informatique, aux fichiers et aux libert\u00e9s, ainsi qu\u2019au R\u00e8glement (UE) 2016\/679 du Parlement europ\u00e9en et du Conseil du 27 avril 2016 (RGPD).<\/p>\n<p data-start=\"2507\" data-end=\"2720\">L\u2019Utilisateur dispose d\u2019un droit d\u2019acc\u00e8s, de rectification, de suppression et d\u2019opposition \u00e0 ses donn\u00e9es personnelles. L\u2019Utilisateur peut exercer ce droit par e-mail \u00e0 l\u2019adresse suivante : <a class=\"cursor-pointer\" rel=\"noopener\" data-start=\"2696\" data-end=\"2720\">contact@cblmarketing.com<\/a><\/p>\n<hr data-start=\"2722\" data-end=\"2725\">\n<h3 data-start=\"2727\" data-end=\"2757\" data-fontsize=\"37\" style=\"--fontSize: 37; line-height: 1.2;\" data-lineheight=\"44.4px\" class=\"fusion-responsive-typography-calculated\">Propri\u00e9t\u00e9 intellectuelle<\/h3>\n<p data-start=\"2758\" data-end=\"3046\">Toute utilisation, reproduction, diffusion, commercialisation, modification de toute ou partie du Site sans autorisation \u00e9crite pr\u00e9alable de l\u2019\u00c9diteur est interdite et pourra entra\u00eener des actions judiciaires telles que pr\u00e9vues par le Code de la propri\u00e9t\u00e9 intellectuelle et le Code civil.<\/p>\n<hr data-start=\"3048\" data-end=\"3051\">\n<h3 data-start=\"3053\" data-end=\"3066\" data-fontsize=\"37\" style=\"--fontSize: 37; line-height: 1.2;\" data-lineheight=\"44.4px\" class=\"fusion-responsive-typography-calculated\">Cookies<\/h3>\n<p data-start=\"3067\" data-end=\"3211\">Pour plus d\u2019informations sur l\u2019utilisation des cookies, veuillez consulter notre politique de confidentialit\u00e9 accessible en bas de page du Site.<\/p><\/p>\n<\/div><\/div><\/div><\/div><\/div><!-- \/wp:post-content -->","protected":false},"excerpt":{"rendered":"","protected":false},"author":1,"featured_media":0,"parent":0,"menu_order":0,"comment_status":"closed","ping_status":"closed","template":"100-width.php","meta":{"footnotes":""},"class_list":["post-18","page","type-page","status-publish","hentry"],"_links":{"self":[{"href":"https:\/\/cblmarketing.com\/index.php\/wp-json\/wp\/v2\/pages\/18","targetHints":{"allow":["GET"]}}],"collection":[{"href":"https:\/\/cblmarketing.com\/index.php\/wp-json\/wp\/v2\/pages"}],"about":[{"href":"https:\/\/cblmarketing.com\/index.php\/wp-json\/wp\/v2\/types\/page"}],"author":[{"embeddable":true,"href":"https:\/\/cblmarketing.com\/index.php\/wp-json\/wp\/v2\/users\/1"}],"replies":[{"embeddable":true,"href":"https:\/\/cblmarketing.com\/index.php\/wp-json\/wp\/v2\/comments?post=18"}],"version-history":[{"count":4,"href":"https:\/\/cblmarketing.com\/index.php\/wp-json\/wp\/v2\/pages\/18\/revisions"}],"predecessor-version":[{"id":2381,"href":"https:\/\/cblmarketing.com\/index.php\/wp-json\/wp\/v2\/pages\/18\/revisions\/2381"}],"wp:attachment":[{"href":"https:\/\/cblmarketing.com\/index.php\/wp-json\/wp\/v2\/media?parent=18"}],"curies":[{"name":"wp","href":"https:\/\/api.w.org\/{rel}","templated":true}]}}