{"id":2357,"date":"2025-06-26T13:39:30","date_gmt":"2025-06-26T11:39:30","guid":{"rendered":"https:\/\/cblmarketing.com\/?page_id=2357"},"modified":"2025-06-26T16:31:54","modified_gmt":"2025-06-26T14:31:54","slug":"confidentialite","status":"publish","type":"page","link":"https:\/\/cblmarketing.com\/index.php\/confidentialite\/","title":{"rendered":"Confidentialit\u00e9"},"content":{"rendered":"<div class=\"fusion-fullwidth fullwidth-box fusion-builder-row-1 fusion-flex-container nonhundred-percent-fullwidth non-hundred-percent-height-scrolling\" style=\"--awb-border-radius-top-left:0px;--awb-border-radius-top-right:0px;--awb-border-radius-bottom-right:0px;--awb-border-radius-bottom-left:0px;--awb-flex-wrap:wrap;\" ><div class=\"fusion-builder-row fusion-row fusion-flex-align-items-flex-start fusion-flex-content-wrap\" style=\"max-width:1248px;margin-left: calc(-4% \/ 2 );margin-right: calc(-4% \/ 2 );\"><div class=\"fusion-layout-column fusion_builder_column fusion-builder-column-0 fusion_builder_column_1_1 1_1 fusion-flex-column\" style=\"--awb-bg-blend:overlay;--awb-bg-size:cover;--awb-width-large:100%;--awb-margin-top-large:0px;--awb-spacing-right-large:1.92%;--awb-margin-bottom-large:0px;--awb-spacing-left-large:1.92%;--awb-width-medium:100%;--awb-spacing-right-medium:1.92%;--awb-spacing-left-medium:1.92%;--awb-width-small:100%;--awb-spacing-right-small:1.92%;--awb-spacing-left-small:1.92%;\"><div class=\"fusion-column-wrapper fusion-flex-justify-content-flex-start fusion-content-layout-column\"><div class=\"fusion-text fusion-text-1\"><h2 data-start=\"191\" data-end=\"224\" data-fontsize=\"42\" style=\"--fontSize: 42; line-height: 1.2;\" data-lineheight=\"50.4px\" class=\"fusion-responsive-typography-calculated\">Politique de confidentialit\u00e9<\/h2>\n<p data-start=\"225\" data-end=\"264\"><strong data-start=\"225\" data-end=\"264\">Derni\u00e8re mise \u00e0 jour : 24 juin 2025<\/strong><\/p>\n<h3 data-start=\"266\" data-end=\"293\" data-fontsize=\"37\" style=\"--fontSize: 37; line-height: 1.2;\" data-lineheight=\"44.4px\" class=\"fusion-responsive-typography-calculated\">ARTICLE 1 : PR\u00c9AMBULE<\/h3>\n<p data-start=\"294\" data-end=\"436\">La pr\u00e9sente politique de confidentialit\u00e9 a pour but d\u2019informer les utilisateurs du site <a class=\"\" href=\"https:\/\/cblmarketing.com\" target=\"_new\" rel=\"noopener\" data-start=\"382\" data-end=\"434\">https:\/\/cblmarketing.com<\/a> :<\/p>\n<ul data-start=\"438\" data-end=\"725\">\n<li data-start=\"438\" data-end=\"504\">\n<p data-start=\"440\" data-end=\"504\">Sur la mani\u00e8re dont sont collect\u00e9es leurs donn\u00e9es personnelles ;<\/p>\n<\/li>\n<li data-start=\"505\" data-end=\"565\">\n<p data-start=\"507\" data-end=\"565\">Sur les droits dont ils disposent concernant ces donn\u00e9es ;<\/p>\n<\/li>\n<li data-start=\"566\" data-end=\"634\">\n<p data-start=\"568\" data-end=\"634\">Sur la personne responsable du traitement des donn\u00e9es collect\u00e9es ;<\/p>\n<\/li>\n<li data-start=\"635\" data-end=\"675\">\n<p data-start=\"637\" data-end=\"675\">Sur les destinataires de ces donn\u00e9es ;<\/p>\n<\/li>\n<li data-start=\"676\" data-end=\"725\">\n<p data-start=\"678\" data-end=\"725\">Sur la politique du site en mati\u00e8re de cookies.<\/p>\n<\/li>\n<\/ul>\n<p data-start=\"727\" data-end=\"865\">Cette politique compl\u00e8te les <strong data-start=\"756\" data-end=\"776\">mentions l\u00e9gales<\/strong> et les <strong data-start=\"784\" data-end=\"822\">Conditions G\u00e9n\u00e9rales d\u2019Utilisation<\/strong> consultables dans le pied de page du site.<\/p>\n<hr data-start=\"867\" data-end=\"870\">\n<h3 data-start=\"872\" data-end=\"951\" data-fontsize=\"37\" style=\"--fontSize: 37; line-height: 1.2;\" data-lineheight=\"44.4px\" class=\"fusion-responsive-typography-calculated\">ARTICLE 2 : PRINCIPES RELATIFS \u00c0 LA COLLECTE ET AU TRAITEMENT DES DONN\u00c9ES<\/h3>\n<p data-start=\"952\" data-end=\"1032\">Conform\u00e9ment \u00e0 l\u2019article 5 du R\u00e8glement (UE) 2016\/679 (RGPD), les donn\u00e9es sont :<\/p>\n<ul data-start=\"1034\" data-end=\"1294\">\n<li data-start=\"1034\" data-end=\"1086\">\n<p data-start=\"1036\" data-end=\"1086\">Trait\u00e9es de fa\u00e7on licite, loyale et transparente ;<\/p>\n<\/li>\n<li data-start=\"1087\" data-end=\"1131\">\n<p data-start=\"1089\" data-end=\"1131\">Collect\u00e9es pour des finalit\u00e9s explicites ;<\/p>\n<\/li>\n<li data-start=\"1132\" data-end=\"1178\">\n<p data-start=\"1134\" data-end=\"1178\">Ad\u00e9quates et limit\u00e9es au strict n\u00e9cessaire ;<\/p>\n<\/li>\n<li data-start=\"1179\" data-end=\"1200\">\n<p data-start=\"1181\" data-end=\"1200\">Exactes et \u00e0 jour ;<\/p>\n<\/li>\n<li data-start=\"1201\" data-end=\"1241\">\n<p data-start=\"1203\" data-end=\"1241\">Conserv\u00e9es pendant une dur\u00e9e limit\u00e9e ;<\/p>\n<\/li>\n<li data-start=\"1242\" data-end=\"1294\">\n<p data-start=\"1244\" data-end=\"1294\">S\u00e9curis\u00e9es techniquement et organisationnellement.<\/p>\n<\/li>\n<\/ul>\n<p data-start=\"1296\" data-end=\"1401\">Le traitement repose sur le <strong data-start=\"1324\" data-end=\"1340\">consentement<\/strong>, l\u2019<strong data-start=\"1344\" data-end=\"1370\">ex\u00e9cution d\u2019un contrat<\/strong>, ou une <strong data-start=\"1379\" data-end=\"1400\">obligation l\u00e9gale<\/strong>.<\/p>\n<hr data-start=\"1403\" data-end=\"1406\">\n<h3 data-start=\"1408\" data-end=\"1455\" data-fontsize=\"37\" style=\"--fontSize: 37; line-height: 1.2;\" data-lineheight=\"44.4px\" class=\"fusion-responsive-typography-calculated\">ARTICLE 3 : DONN\u00c9ES COLLECT\u00c9ES ET FINALIT\u00c9S<\/h3>\n<h4 data-start=\"1457\" data-end=\"1486\" data-fontsize=\"28.43\" style=\"--fontSize: 28.43; line-height: 1.4;\" data-lineheight=\"39.802px\" class=\"fusion-responsive-typography-calculated\">3.1 Donn\u00e9es collect\u00e9es<\/h4>\n<ul data-start=\"1487\" data-end=\"1568\">\n<li data-start=\"1487\" data-end=\"1502\">\n<p data-start=\"1489\" data-end=\"1502\">Nom, pr\u00e9nom<\/p>\n<\/li>\n<li data-start=\"1503\" data-end=\"1525\">\n<p data-start=\"1505\" data-end=\"1525\">Code postal, ville<\/p>\n<\/li>\n<li data-start=\"1526\" data-end=\"1544\">\n<p data-start=\"1528\" data-end=\"1544\">Adresse e-mail<\/p>\n<\/li>\n<li data-start=\"1545\" data-end=\"1568\">\n<p data-start=\"1547\" data-end=\"1568\">Num\u00e9ro de t\u00e9l\u00e9phone<\/p>\n<\/li>\n<\/ul>\n<p data-start=\"1570\" data-end=\"1684\"><strong data-start=\"1570\" data-end=\"1582\">Finalit\u00e9<\/strong> : vous recontacter dans le cadre de prestations marketing, commerciales ou de communication digitale.<\/p>\n<h4 data-start=\"1686\" data-end=\"1713\" data-fontsize=\"28.43\" style=\"--fontSize: 28.43; line-height: 1.4;\" data-lineheight=\"39.802px\" class=\"fusion-responsive-typography-calculated\">3.2 Mode de collecte<\/h4>\n<ul data-start=\"1714\" data-end=\"1818\">\n<li data-start=\"1714\" data-end=\"1769\">\n<p data-start=\"1716\" data-end=\"1769\">Lors de la navigation : cookies, donn\u00e9es techniques<\/p>\n<\/li>\n<li data-start=\"1770\" data-end=\"1818\">\n<p data-start=\"1772\" data-end=\"1818\">Lors du remplissage du formulaire de contact<\/p>\n<\/li>\n<\/ul>\n<h4 data-start=\"1820\" data-end=\"1852\" data-fontsize=\"28.43\" style=\"--fontSize: 28.43; line-height: 1.4;\" data-lineheight=\"39.802px\" class=\"fusion-responsive-typography-calculated\">3.3 Dur\u00e9e de conservation<\/h4>\n<p data-start=\"1853\" data-end=\"1950\">Les donn\u00e9es sont conserv\u00e9es pendant un maximum de <strong data-start=\"1903\" data-end=\"1912\">5 ans<\/strong>, sauf obligations l\u00e9gales contraires.<\/p>\n<h4 data-start=\"1952\" data-end=\"1974\" data-fontsize=\"28.43\" style=\"--fontSize: 28.43; line-height: 1.4;\" data-lineheight=\"39.802px\" class=\"fusion-responsive-typography-calculated\">3.4 H\u00e9bergement<\/h4>\n<p data-start=\"1975\" data-end=\"2112\">Le site est h\u00e9berg\u00e9 par :<br data-start=\"2000\" data-end=\"2003\"><strong data-start=\"2003\" data-end=\"2016\">Hostinger<\/strong><br data-start=\"2016\" data-end=\"2019\">61 Lordou Vironos Street, 6023 Larnaca, Chypre<br data-start=\"2065\" data-end=\"2068\"><a class=\"\" href=\"https:\/\/www.hostinger.fr\" target=\"_new\" rel=\"noopener\" data-start=\"2068\" data-end=\"2112\">www.hostinger.fr<\/a><\/p>\n<h4 data-start=\"2114\" data-end=\"2132\" data-fontsize=\"28.43\" style=\"--fontSize: 28.43; line-height: 1.4;\" data-lineheight=\"39.802px\" class=\"fusion-responsive-typography-calculated\">3.5 Cookies<\/h4>\n<p data-start=\"2133\" data-end=\"2353\">Des <strong data-start=\"2137\" data-end=\"2148\">cookies<\/strong> peuvent \u00eatre utilis\u00e9s pour am\u00e9liorer l\u2019exp\u00e9rience utilisateur et r\u00e9aliser des mesures d\u2019audience. Pour plus d\u2019informations, veuillez consulter la politique d\u00e9di\u00e9e aux cookies dans le pied de page du site.<\/p>\n<hr data-start=\"2355\" data-end=\"2358\">\n<h3 data-start=\"2360\" data-end=\"2403\" data-fontsize=\"37\" style=\"--fontSize: 37; line-height: 1.2;\" data-lineheight=\"44.4px\" class=\"fusion-responsive-typography-calculated\">ARTICLE 4 : RESPONSABLE DU TRAITEMENT<\/h3>\n<p data-start=\"2404\" data-end=\"2676\">Les donn\u00e9es sont collect\u00e9es et trait\u00e9es par :<br data-start=\"2449\" data-end=\"2452\"><strong data-start=\"2452\" data-end=\"2469\">CBL MARKETING<\/strong><br data-start=\"2469\" data-end=\"2472\">SASU au capital de 1 000 \u20ac<br data-start=\"2498\" data-end=\"2501\">Immatricul\u00e9e sous le n\u00b0 <strong data-start=\"2525\" data-end=\"2553\">910 566 686 R.C.S. Paris<\/strong><br data-start=\"2553\" data-end=\"2556\">Si\u00e8ge social : <strong data-start=\"2571\" data-end=\"2605\">10 rue du Colis\u00e9e, 75008 Paris<\/strong><br data-start=\"2605\" data-end=\"2608\">Mail : <strong data-start=\"2615\" data-end=\"2643\"><a class=\"cursor-pointer\" rel=\"noopener\" data-start=\"2617\" data-end=\"2641\">contact@cblmarketing.com<\/a><\/strong><br><\/p>\n<hr data-start=\"2678\" data-end=\"2681\">\n<h3 data-start=\"2683\" data-end=\"2711\" data-fontsize=\"37\" style=\"--fontSize: 37; line-height: 1.2;\" data-lineheight=\"44.4px\" class=\"fusion-responsive-typography-calculated\">ARTICLE 5 : VOS DROITS<\/h3>\n<p data-start=\"2712\" data-end=\"2817\">Conform\u00e9ment \u00e0 la loi \u00ab Informatique et Libert\u00e9s \u00bb du 6 janvier 1978 modifi\u00e9e et au RGPD, vous disposez :<\/p>\n<ul data-start=\"2819\" data-end=\"3081\">\n<li data-start=\"2819\" data-end=\"2900\">\n<p data-start=\"2821\" data-end=\"2900\">Du droit <strong data-start=\"2830\" data-end=\"2841\">d\u2019acc\u00e8s<\/strong>, de <strong data-start=\"2846\" data-end=\"2863\">rectification<\/strong>, de <strong data-start=\"2868\" data-end=\"2883\">suppression<\/strong> de vos donn\u00e9es ;<\/p>\n<\/li>\n<li data-start=\"2901\" data-end=\"2965\">\n<p data-start=\"2903\" data-end=\"2965\">Du droit <strong data-start=\"2912\" data-end=\"2928\">d\u2019opposition<\/strong> et de <strong data-start=\"2935\" data-end=\"2949\">limitation<\/strong> du traitement ;<\/p>\n<\/li>\n<li data-start=\"2966\" data-end=\"3014\">\n<p data-start=\"2968\" data-end=\"3014\">Du droit \u00e0 la <strong data-start=\"2982\" data-end=\"2997\">portabilit\u00e9<\/strong> de vos donn\u00e9es ;<\/p>\n<\/li>\n<li data-start=\"3015\" data-end=\"3081\">\n<p data-start=\"3017\" data-end=\"3081\">Du droit d\u2019introduire une <strong data-start=\"3043\" data-end=\"3058\">r\u00e9clamation<\/strong> aupr\u00e8s de la <strong data-start=\"3072\" data-end=\"3080\">CNIL<\/strong>.<\/p>\n<\/li>\n<\/ul>\n<p data-start=\"3083\" data-end=\"3139\"><strong data-start=\"3083\" data-end=\"3110\">Pour exercer vos droits<\/strong> :<br data-start=\"3112\" data-end=\"3115\"><a class=\"cursor-pointer\" rel=\"noopener\" data-start=\"3115\" data-end=\"3139\">contact@cblmarketing.com<\/a><\/p>\n<hr data-start=\"3141\" data-end=\"3144\">\n<h3 data-start=\"3146\" data-end=\"3192\" data-fontsize=\"37\" style=\"--fontSize: 37; line-height: 1.2;\" data-lineheight=\"44.4px\" class=\"fusion-responsive-typography-calculated\">ARTICLE 6 : MODIFICATION DE LA POLITIQUE<\/h3>\n<p data-start=\"3193\" data-end=\"3395\">La pr\u00e9sente politique de confidentialit\u00e9 peut \u00eatre modifi\u00e9e \u00e0 tout moment par l\u2019\u00c9diteur du Site.<br data-start=\"3289\" data-end=\"3292\">L\u2019Utilisateur est invit\u00e9 \u00e0 la consulter r\u00e9guli\u00e8rement pour rester inform\u00e9 des \u00e9ventuelles mises \u00e0 jour.<\/p><\/p>\n<\/div><\/div><\/div><\/div><\/div><!-- \/wp:post-content -->","protected":false},"excerpt":{"rendered":"","protected":false},"author":2,"featured_media":0,"parent":0,"menu_order":0,"comment_status":"closed","ping_status":"closed","template":"100-width.php","meta":{"footnotes":""},"class_list":["post-2357","page","type-page","status-publish","hentry"],"_links":{"self":[{"href":"https:\/\/cblmarketing.com\/index.php\/wp-json\/wp\/v2\/pages\/2357","targetHints":{"allow":["GET"]}}],"collection":[{"href":"https:\/\/cblmarketing.com\/index.php\/wp-json\/wp\/v2\/pages"}],"about":[{"href":"https:\/\/cblmarketing.com\/index.php\/wp-json\/wp\/v2\/types\/page"}],"author":[{"embeddable":true,"href":"https:\/\/cblmarketing.com\/index.php\/wp-json\/wp\/v2\/users\/2"}],"replies":[{"embeddable":true,"href":"https:\/\/cblmarketing.com\/index.php\/wp-json\/wp\/v2\/comments?post=2357"}],"version-history":[{"count":3,"href":"https:\/\/cblmarketing.com\/index.php\/wp-json\/wp\/v2\/pages\/2357\/revisions"}],"predecessor-version":[{"id":2382,"href":"https:\/\/cblmarketing.com\/index.php\/wp-json\/wp\/v2\/pages\/2357\/revisions\/2382"}],"wp:attachment":[{"href":"https:\/\/cblmarketing.com\/index.php\/wp-json\/wp\/v2\/media?parent=2357"}],"curies":[{"name":"wp","href":"https:\/\/api.w.org\/{rel}","templated":true}]}}